{"id":3302,"date":"2025-09-09T13:35:10","date_gmt":"2025-09-09T13:35:10","guid":{"rendered":"https:\/\/perezmcgill.com\/?page_id=3302"},"modified":"2026-04-22T19:33:36","modified_gmt":"2026-04-23T01:33:36","slug":"resource-1","status":"publish","type":"page","link":"https:\/\/www.perezmcgill.com\/es\/resource-1\/","title":{"rendered":"Social Media"},"content":{"rendered":"<div class=\"wp-block-uagb-container uagb-block-6f15684d alignfull uagb-is-root-container\"><div class=\"uagb-container-inner-blocks-wrap\">\n<div class=\"wp-block-uagb-advanced-heading uagb-block-8b5f94f0\"><h1 class=\"uagb-heading-text\">Social Media<\/h1><\/div>\n<\/div><\/div>\n\n\n\n<section class=\"wp-block-uagb-container uagb-block-1cc4ab50 alignfull uagb-is-root-container\"><div class=\"uagb-container-inner-blocks-wrap\">\n<div class=\"wp-block-uagb-advanced-heading uagb-block-5b71b741\"><h2 class=\"uagb-heading-text\">Siguenos en Facebook <\/h2><\/div>\n\n\n\n<style>\n  \/* CONFIGURACI\u00d3N DE VISIBILIDAD Y CENTRADO GENERAL *\/\n  .fb-wrapper-global {\n    width: 100%;\n    display: flex;\n    justify-content: center;\n    align-items: center;\n    overflow: hidden;\n  }\n\n  \/* Por defecto (M\u00f3vil) *\/\n  .fb-version-pc { display: none !important; }\n  .fb-version-mobile { display: flex !important; justify-content: center; width: 100%; }\n\n  \/* Pantallas grandes (PC \/ Laptop) *\/\n  @media only screen and (min-width: 768px) {\n    .fb-version-pc { \n      display: flex !important; \n      flex-direction: column;\n      align-items: center; \n      width: 100%; \n    }\n    .fb-version-mobile { display: none !important; }\n  }\n<\/style>\n\n<div class=\"fb-version-pc\">\n  <div style=\"width: 100%; max-width: 500px; display: flex; justify-content: center; overflow: visible;\">\n      <iframe loading=\"lazy\" src=\"https:\/\/www.facebook.com\/plugins\/page.php?href=https%3A%2F%2Fwww.facebook.com%2FPEREZMCGILLlaw&#038;tabs=timeline&#038;width=500&#038;height=500&#038;small_header=false&#038;adapt_container_width=true&#038;hide_cover=false&#038;show_facepile=true&#038;appId\" \n      width=\"500\" \n      height=\"500\" \n      style=\"border:none; overflow:hidden; transform: scale(1.1); transform-origin: top center;\" \n      scrolling=\"no\" \n      frameborder=\"0\" \n      allowfullscreen=\"true\" \n      allow=\"autoplay; clipboard-write; encrypted-media; picture-in-picture; web-share\">\n      <\/iframe>\n  <\/div>\n<\/div>\n\n<div class=\"fb-version-mobile\">\n  <div style=\"width: 100%; display: flex; justify-content: center; padding: 20px 0;\">\n      <iframe \n        src=\"https:\/\/www.facebook.com\/plugins\/page.php?href=https%3A%2F%2Fwww.facebook.com%2FPEREZMCGILLlaw&#038;tabs=timeline&#038;width=350&#038;height=700&#038;small_header=false&#038;adapt_container_width=true&#038;hide_cover=false&#038;show_facepile=true&#038;appId\" \n        style=\"border:none; overflow:hidden; width: 350px; height: 700px;\" \n        scrolling=\"no\" \n        frameborder=\"0\" \n        allowfullscreen=\"true\" \n        allow=\"autoplay; clipboard-write; encrypted-media; picture-in-picture; web-share\">\n      <\/iframe>\n  <\/div>\n<\/div>\n<\/div><\/section>\n\n\n\n<section class=\"wp-block-uagb-container uagb-block-78f4cfe3 alignfull uagb-is-root-container\"><div class=\"uagb-container-inner-blocks-wrap\">\n<div class=\"wp-block-uagb-advanced-heading uagb-block-2587e4a9\"><h2 class=\"uagb-heading-text\">Vea Nuestra Charla en el programa \u201cVoces En Acci\u00f3n En LSCR\u201d<\/h2><\/div>\n\n\n\n<figure class=\"wp-block-embed is-type-video is-provider-youtube wp-block-embed-youtube wp-embed-aspect-16-9 wp-has-aspect-ratio\" style=\"margin-top:0;margin-right:0;margin-bottom:0;margin-left:0\"><div class=\"wp-block-embed__wrapper\">\n<iframe loading=\"lazy\" title=\"10.7.24 - Lorena Perez-McGill\/Immigration Lawyer - Voces En Accion or Voices In Action on LSCR\" width=\"500\" height=\"281\" src=\"https:\/\/www.youtube.com\/embed\/KsABUdXoIfI?feature=oembed\" frameborder=\"0\" allow=\"accelerometer; autoplay; clipboard-write; encrypted-media; gyroscope; picture-in-picture; web-share\" referrerpolicy=\"strict-origin-when-cross-origin\" allowfullscreen><\/iframe>\n<\/div><\/figure>\n<\/div><\/section>\n\n\n\n<section class=\"wp-block-uagb-container uagb-block-cf09fc40 alignfull uagb-is-root-container\"><div class=\"uagb-container-inner-blocks-wrap\">\n<div class=\"wp-block-uagb-advanced-heading uagb-block-78dd3fb4\"><h2 class=\"uagb-heading-text\">Vea Nuestra Charla En El Programa \u201cCaf\u00e9 Con Voz\u201d<\/h2><\/div>\n\n\n\n<figure class=\"wp-block-embed is-type-video is-provider-youtube wp-block-embed-youtube wp-embed-aspect-16-9 wp-has-aspect-ratio\" style=\"margin-top:0;margin-right:0;margin-bottom:0;margin-left:0\"><div class=\"wp-block-embed__wrapper\">\n<iframe loading=\"lazy\" title=\"CAFE CON VOZ | Luis Galeano con Lorena P\u00e9rez Mcgill| 16-Marzo-2022\" width=\"500\" height=\"281\" src=\"https:\/\/www.youtube.com\/embed\/s_8KTXizOH4?feature=oembed\" frameborder=\"0\" allow=\"accelerometer; autoplay; clipboard-write; encrypted-media; gyroscope; picture-in-picture; web-share\" referrerpolicy=\"strict-origin-when-cross-origin\" allowfullscreen><\/iframe>\n<\/div><\/figure>\n<\/div><\/section>\n\n\n\n<section class=\"wp-block-uagb-container uagb-block-c090aa99 alignfull uagb-is-root-container\"><div class=\"uagb-container-inner-blocks-wrap\">\n<div class=\"wp-block-uagb-advanced-heading uagb-block-1af1aacc\"><h2 class=\"uagb-heading-text\">Informaci\u00f3n General En Espa\u00f1ol Sobre El Proceso De Asilo En Los Estados Unidos.<\/h2><\/div>\n\n\n\n<figure class=\"wp-block-embed is-type-video is-provider-youtube wp-block-embed-youtube wp-embed-aspect-16-9 wp-has-aspect-ratio\" style=\"margin-top:0;margin-right:0;margin-bottom:0;margin-left:0\"><div class=\"wp-block-embed__wrapper\">\n<iframe loading=\"lazy\" title=\"Perez McGill Law   ASILO 23Feb2022\" width=\"500\" height=\"281\" src=\"https:\/\/www.youtube.com\/embed\/d1gopRIx8jU?feature=oembed\" frameborder=\"0\" allow=\"accelerometer; autoplay; clipboard-write; encrypted-media; gyroscope; picture-in-picture; web-share\" referrerpolicy=\"strict-origin-when-cross-origin\" allowfullscreen><\/iframe>\n<\/div><\/figure>\n<\/div><\/section>\n\n\n\n<section class=\"wp-block-uagb-container uagb-block-f3549032 alignfull uagb-is-root-container\"><div class=\"uagb-container-inner-blocks-wrap\">\n<div class=\"wp-block-uagb-advanced-heading uagb-block-87e9e693\"><h2 class=\"uagb-heading-text\">Un Inmigrante Al Servicio De Los Inmigrantes<\/h2><\/div>\n\n\n\n<figure class=\"wp-block-embed is-type-video is-provider-youtube wp-block-embed-youtube wp-embed-aspect-16-9 wp-has-aspect-ratio\" style=\"margin-top:0;margin-right:0;margin-bottom:0;margin-left:0\"><div class=\"wp-block-embed__wrapper\">\n<iframe loading=\"lazy\" title=\"Lorena Perez McGill, Abogada de Inmigracio\u0301n   SD 480p\" width=\"500\" height=\"281\" src=\"https:\/\/www.youtube.com\/embed\/CtRrVpknkSQ?feature=oembed\" frameborder=\"0\" allow=\"accelerometer; autoplay; clipboard-write; encrypted-media; gyroscope; picture-in-picture; web-share\" referrerpolicy=\"strict-origin-when-cross-origin\" allowfullscreen><\/iframe>\n<\/div><\/figure>\n<\/div><\/section>\n\n\n\n<section class=\"wp-block-uagb-container uagb-block-338fef16 alignfull uagb-is-root-container\"><div class=\"uagb-container-inner-blocks-wrap\">\n<div class=\"wp-block-uagb-advanced-heading uagb-block-abd85764\"><h4 class=\"uagb-heading-text\">Afiliaciones Profesionales Complementarias<\/h4><\/div>\n\n\n\n<div class=\"wp-block-uagb-container uagb-block-54632f8c\">\n<div class=\"wp-block-uagb-container uagb-block-54a92415\">\n<div class=\"wp-block-uagb-image alignleft uagb-block-13b6632c wp-block-uagb-image--layout-default wp-block-uagb-image--effect-static wp-block-uagb-image--align-left\"><figure class=\"wp-block-uagb-image__figure\"><a class=\"\" href=\"https:\/\/www.aila.org\/\" target=\"\" rel=\"noopener\"><img decoding=\"async\" srcset=\"https:\/\/perezmcgill.com\/wp-content\/uploads\/2025\/10\/AILA.webp ,https:\/\/perezmcgill.com\/wp-content\/uploads\/2025\/10\/AILA.webp 780w, https:\/\/perezmcgill.com\/wp-content\/uploads\/2025\/10\/AILA.webp 360w\" sizes=\"auto, (max-width: 480px) 150px\" src=\"https:\/\/perezmcgill.com\/wp-content\/uploads\/2025\/10\/AILA.webp\" alt=\"\" class=\"uag-image-3726\" width=\"350\" height=\"150\" title=\"AILA\" loading=\"lazy\" role=\"img\"\/><\/a><\/figure><\/div>\n\n\n\n<div class=\"wp-block-uagb-advanced-heading uagb-block-39730d89\"><h5 class=\"uagb-heading-text\"><strong>American Immigration Lawyers Association, Member (National, and Houston and Mid-South Chapters)<\/strong><\/h5><\/div>\n\n\n\n<p style=\"font-size:16px\">Lorena es miembro de AILA, una organizaci\u00f3n independiente y sin fines de lucro que ofrece educaci\u00f3n jur\u00eddica continua, informaci\u00f3n, servicios profesionales y experiencia a sus miembros. A trav\u00e9s de su membres\u00eda, Lorena apoya la misi\u00f3n de AILA de promover la justicia, abogar por leyes y pol\u00edticas de inmigraci\u00f3n justas y razonables, mejorar la calidad de las leyes y la pr\u00e1ctica en materia de inmigraci\u00f3n y nacionalidad, y mejorar el desarrollo profesional de sus miembros.<em>Why and How to Join AILA<\/em>\u201d, online at <a href=\"https:\/\/www.aila.org\/membership\/join\" target=\"_blank\" rel=\"noopener nofollow\" title=\"\"><mark style=\"background-color:rgba(0, 0, 0, 0)\" class=\"has-inline-color has-ast-global-color-1-color\">https:\/\/www.aila.org\/membership\/join<\/mark><\/a>.)<\/p>\n<\/div>\n\n\n\n<div class=\"wp-block-uagb-container uagb-block-a103f536\">\n<div class=\"wp-block-uagb-image alignleft uagb-block-0566945a wp-block-uagb-image--layout-default wp-block-uagb-image--effect-static wp-block-uagb-image--align-left\"><figure class=\"wp-block-uagb-image__figure\"><a class=\"\" href=\"https:\/\/empresarioslatinos.org\/\" target=\"\" rel=\"noopener\"><img decoding=\"async\" srcset=\"https:\/\/perezmcgill.com\/wp-content\/uploads\/2025\/10\/American-society.webp ,https:\/\/perezmcgill.com\/wp-content\/uploads\/2025\/10\/American-society.webp 780w, https:\/\/perezmcgill.com\/wp-content\/uploads\/2025\/10\/American-society.webp 360w\" sizes=\"auto, (max-width: 480px) 150px\" src=\"https:\/\/perezmcgill.com\/wp-content\/uploads\/2025\/10\/American-society.webp\" alt=\"\" class=\"uag-image-3729\" width=\"350\" height=\"150\" title=\"American society\" loading=\"lazy\" role=\"img\"\/><\/a><\/figure><\/div>\n\n\n\n<div class=\"wp-block-uagb-advanced-heading uagb-block-198e2077\"><h5 class=\"uagb-heading-text\"><strong><strong>American Society of International Law, Member<\/strong><\/strong><\/h5><\/div>\n\n\n\n<p style=\"font-size:16px\">Como miembro de la Sociedad Americana de Derecho Internacional, ex copresidenta del Grupo de Inter\u00e9s de Organizaciones Internacionales y actual miembro de los Grupos de Inter\u00e9s de Derecho Internacional de Refugiados y Migraci\u00f3n Internacional, Lorena se mantiene informada sobre las tendencias actuales relacionadas con las pol\u00edticas mundiales de refugiados y migraci\u00f3n y con las leyes aplicables a los funcionarios p\u00fablicos internacionales por los tribunales administrativos. &nbsp;<\/p>\n\n\n\n<p><a href=\"https:\/\/www.asil.org\/\"><mark style=\"background-color:rgba(0, 0, 0, 0)\" class=\"has-inline-color has-ast-global-color-1-color\">American Society of International Law<\/mark><\/a><\/p>\n<\/div>\n\n\n\n<div class=\"wp-block-uagb-container uagb-block-92ef01d3\">\n<div class=\"wp-block-uagb-image alignleft uagb-block-0f3fd02d wp-block-uagb-image--layout-default wp-block-uagb-image--effect-static wp-block-uagb-image--align-left\"><figure class=\"wp-block-uagb-image__figure\"><a class=\"\" href=\"https:\/\/resolution-center.org\/\" target=\"\" rel=\"noopener\"><img decoding=\"async\" srcset=\"https:\/\/perezmcgill.com\/wp-content\/uploads\/2025\/10\/DRC.webp ,https:\/\/perezmcgill.com\/wp-content\/uploads\/2025\/10\/DRC.webp 780w, https:\/\/perezmcgill.com\/wp-content\/uploads\/2025\/10\/DRC.webp 360w\" sizes=\"auto, (max-width: 480px) 150px\" src=\"https:\/\/perezmcgill.com\/wp-content\/uploads\/2025\/10\/DRC.webp\" alt=\"\" class=\"uag-image-3730\" width=\"350\" height=\"150\" title=\"DRC\" loading=\"lazy\" role=\"img\"\/><\/a><\/figure><\/div>\n\n\n\n<div class=\"wp-block-uagb-advanced-heading uagb-block-c06e13a1\"><h5 class=\"uagb-heading-text\"><strong><strong><strong>Dispute Resolution Center of Montgomery County, Inc., Volunteer and Advisory Committee Member<\/strong><\/strong><\/strong><\/h5><\/div>\n\n\n\n<p style=\"font-size:16px\">Como voluntaria y miembro del Comit\u00e9 Asesor del DRC-MC, Lorena ayuda a esta organizaci\u00f3n a brindar mediaci\u00f3n y resoluci\u00f3n de conflictos a los residentes del condado de Montgomery y a mantener un grupo de voluntarios debidamente capacitados disponibles para ofrecer esos servicios.<\/p>\n\n\n\n<p><a href=\"https:\/\/resolution-center.org\/\"><mark style=\"background-color:rgba(0, 0, 0, 0)\" class=\"has-inline-color has-ast-global-color-1-color\">https:\/\/resolution-center.org\/<\/mark><\/a><mark style=\"background-color:rgba(0, 0, 0, 0)\" class=\"has-inline-color has-ast-global-color-1-color\"> &nbsp;<\/mark><\/p>\n<\/div>\n<\/div>\n\n\n\n<div class=\"wp-block-uagb-container uagb-block-023cf10a\">\n<div class=\"wp-block-uagb-advanced-heading uagb-block-6cb98304\"><h4 class=\"uagb-heading-text\">Voluntariado Adicional <\/h4><\/div>\n\n\n\n<div class=\"wp-block-group is-nowrap is-layout-flex wp-container-core-group-is-layout-6c531013 wp-block-group-is-layout-flex\">\n<div class=\"wp-block-uagb-info-box uagb-block-60d5c65e uagb-infobox__content-wrap  uagb-infobox_cta-type-all uagb-infobox-icon-above-title uagb-infobox-image-valign-top\"><a href=\"http:\/\/supportkind.org\" class=\"uagb-infobox-link-wrap uagb-infbox__link-to-all\" target=\"_blank\" aria-label=\"Infobox Link\" rel=\"noopener noreferrer\" onclick=\"return true;\"><\/a><div class=\"uagb-ifb-content\"><div class=\"uagb-ifb-image-content\"><img decoding=\"async\" src=\"https:\/\/perezmcgill.com\/wp-content\/uploads\/2025\/10\/logo-300x125.png\" alt=\"Kids in Need of Defense\" width=\"\" height=\"0\" loading=\"lazy\"\/><\/div><div class=\"uagb-ifb-title-wrap\"><\/div><div class=\"uagb-ifb-button-wrapper wp-block-button\"><\/div><\/div><\/div>\n\n\n\n<div class=\"wp-block-uagb-info-box uagb-block-f0f55a31 uagb-infobox__content-wrap  uagb-infobox_cta-type-all uagb-infobox-icon-above-title uagb-infobox-image-valign-top\"><a href=\"https:\/\/mcwctx.org\" class=\"uagb-infobox-link-wrap uagb-infbox__link-to-all\" target=\"_blank\" aria-label=\"Infobox Link\" rel=\"noopener noreferrer\" onclick=\"return true;\"><\/a><div class=\"uagb-ifb-content\"><div class=\"uagb-ifb-image-content\"><img decoding=\"async\" src=\"https:\/\/perezmcgill.com\/wp-content\/uploads\/2025\/10\/mcwc-logo-color-new-01.svg\" alt=\"\" width=\"\" height=\"0\" loading=\"lazy\"\/><\/div><div class=\"uagb-ifb-title-wrap\"><\/div><div class=\"uagb-ifb-button-wrapper wp-block-button\"><\/div><\/div><\/div>\n\n\n\n<div class=\"wp-block-uagb-info-box uagb-block-b0d9287a uagb-infobox__content-wrap  uagb-infobox_cta-type-all uagb-infobox-icon-above-title uagb-infobox-image-valign-top\"><a href=\"https:\/\/lonestarlegal.org\" class=\"uagb-infobox-link-wrap uagb-infbox__link-to-all\" target=\"_blank\" aria-label=\"Infobox Link\" rel=\"noopener noreferrer\" onclick=\"return true;\"><\/a><div class=\"uagb-ifb-content\"><div class=\"uagb-ifb-image-content\"><img decoding=\"async\" src=\"https:\/\/perezmcgill.com\/wp-content\/uploads\/2025\/10\/svgviewer-png-output-300x74.png\" alt=\"Lone Star Legal AID\" width=\"\" height=\"0\" loading=\"lazy\"\/><\/div><div class=\"uagb-ifb-title-wrap\"><\/div><div class=\"uagb-ifb-button-wrapper wp-block-button\"><\/div><\/div><\/div>\n\n\n\n<div class=\"wp-block-uagb-info-box uagb-block-49892ed5 uagb-infobox__content-wrap  uagb-infobox_cta-type-all uagb-infobox-icon-above-title uagb-infobox-image-valign-top\"><a href=\"https:\/\/houstonimmigration.org\" class=\"uagb-infobox-link-wrap uagb-infbox__link-to-all\" target=\"_blank\" aria-label=\"Infobox Link\" rel=\"noopener noreferrer\" onclick=\"return true;\"><\/a><div class=\"uagb-ifb-content\"><div class=\"uagb-ifb-image-content\"><img decoding=\"async\" src=\"https:\/\/perezmcgill.com\/wp-content\/uploads\/2025\/10\/HILSC_Logo_bluebg-300x154.png\" alt=\"HILSC Logo\" width=\"\" height=\"0\" loading=\"lazy\"\/><\/div><div class=\"uagb-ifb-title-wrap\"><\/div><div class=\"uagb-ifb-button-wrapper wp-block-button\"><\/div><\/div><\/div>\n<\/div>\n<\/div>\n<\/div><\/section>","protected":false},"excerpt":{"rendered":"<p>Social Media Follow Us On Facebook Watch Our Talk On The Show &#8220;Voices In Action on LSCR&#8221; Watch Our Talk On The Show &#8220;Caf\u00e9 Con Voz&#8221; General Information In Spanish About The Asylum Process In The United States. An Immigrant At The Service Of Immigrants Additional Memberships American Immigration Lawyers Association, Member (National, and Houston [&hellip;]<\/p>","protected":false},"author":2,"featured_media":0,"parent":0,"menu_order":0,"comment_status":"closed","ping_status":"closed","template":"","meta":{"_uag_custom_page_level_css":"","site-sidebar-layout":"no-sidebar","site-content-layout":"","ast-site-content-layout":"normal-width-container","site-content-style":"unboxed","site-sidebar-style":"unboxed","ast-global-header-display":"","ast-banner-title-visibility":"disabled","ast-main-header-display":"","ast-hfb-above-header-display":"","ast-hfb-below-header-display":"","ast-hfb-mobile-header-display":"","site-post-title":"","ast-breadcrumbs-content":"","ast-featured-img":"","footer-sml-layout":"","ast-disable-related-posts":"","theme-transparent-header-meta":"enabled","adv-header-id-meta":"","stick-header-meta":"","header-above-stick-meta":"","header-main-stick-meta":"","header-below-stick-meta":"","astra-migrate-meta-layouts":"set","ast-page-background-enabled":"default","ast-page-background-meta":{"desktop":{"background-color":"","background-image":"","background-repeat":"repeat","background-position":"center center","background-size":"auto","background-attachment":"scroll","background-type":"","background-media":"","overlay-type":"","overlay-color":"","overlay-opacity":"","overlay-gradient":""},"tablet":{"background-color":"","background-image":"","background-repeat":"repeat","background-position":"center center","background-size":"auto","background-attachment":"scroll","background-type":"","background-media":"","overlay-type":"","overlay-color":"","overlay-opacity":"","overlay-gradient":""},"mobile":{"background-color":"","background-image":"","background-repeat":"repeat","background-position":"center center","background-size":"auto","background-attachment":"scroll","background-type":"","background-media":"","overlay-type":"","overlay-color":"","overlay-opacity":"","overlay-gradient":""}},"ast-content-background-meta":{"desktop":{"background-color":"var(--ast-global-color-5)","background-image":"","background-repeat":"repeat","background-position":"center center","background-size":"auto","background-attachment":"scroll","background-type":"","background-media":"","overlay-type":"","overlay-color":"","overlay-opacity":"","overlay-gradient":""},"tablet":{"background-color":"var(--ast-global-color-5)","background-image":"","background-repeat":"repeat","background-position":"center center","background-size":"auto","background-attachment":"scroll","background-type":"","background-media":"","overlay-type":"","overlay-color":"","overlay-opacity":"","overlay-gradient":""},"mobile":{"background-color":"var(--ast-global-color-5)","background-image":"","background-repeat":"repeat","background-position":"center center","background-size":"auto","background-attachment":"scroll","background-type":"","background-media":"","overlay-type":"","overlay-color":"","overlay-opacity":"","overlay-gradient":""}},"footnotes":""},"class_list":["post-3302","page","type-page","status-publish","hentry"],"aioseo_notices":[],"_hostinger_reach_plugin_has_subscription_block":false,"_hostinger_reach_plugin_is_elementor":false,"uagb_featured_image_src":{"full":false,"thumbnail":false,"medium":false,"medium_large":false,"large":false,"1536x1536":false,"2048x2048":false,"trp-custom-language-flag":false},"uagb_author_info":{"display_name":"Santiago Molina","author_link":"https:\/\/www.perezmcgill.com\/es\/author\/esmolina\/"},"uagb_comment_info":0,"uagb_excerpt":"Social Media Follow Us On Facebook Watch Our Talk On The Show &#8220;Voices In Action on LSCR&#8221; Watch Our Talk On The Show &#8220;Caf\u00e9 Con Voz&#8221; General Information In Spanish About The Asylum Process In The United States. An Immigrant At The Service Of Immigrants Additional Memberships American Immigration Lawyers Association, Member (National, and Houston&hellip;","_links":{"self":[{"href":"https:\/\/www.perezmcgill.com\/es\/wp-json\/wp\/v2\/pages\/3302","targetHints":{"allow":["GET"]}}],"collection":[{"href":"https:\/\/www.perezmcgill.com\/es\/wp-json\/wp\/v2\/pages"}],"about":[{"href":"https:\/\/www.perezmcgill.com\/es\/wp-json\/wp\/v2\/types\/page"}],"author":[{"embeddable":true,"href":"https:\/\/www.perezmcgill.com\/es\/wp-json\/wp\/v2\/users\/2"}],"replies":[{"embeddable":true,"href":"https:\/\/www.perezmcgill.com\/es\/wp-json\/wp\/v2\/comments?post=3302"}],"version-history":[{"count":45,"href":"https:\/\/www.perezmcgill.com\/es\/wp-json\/wp\/v2\/pages\/3302\/revisions"}],"predecessor-version":[{"id":4034,"href":"https:\/\/www.perezmcgill.com\/es\/wp-json\/wp\/v2\/pages\/3302\/revisions\/4034"}],"wp:attachment":[{"href":"https:\/\/www.perezmcgill.com\/es\/wp-json\/wp\/v2\/media?parent=3302"}],"curies":[{"name":"wp","href":"https:\/\/api.w.org\/{rel}","templated":true}]}}